{"id":463,"date":"2016-03-30T08:56:38","date_gmt":"2016-03-30T06:56:38","guid":{"rendered":"https:\/\/weimarkamin.de\/erfurt\/?page_id=463"},"modified":"2017-05-09T15:40:24","modified_gmt":"2017-05-09T13:40:24","slug":"zusaetzliches","status":"publish","type":"page","link":"https:\/\/weimarkamin.de\/erfurt\/zusaetzliches\/","title":{"rendered":"ERFURTKAMIN Plus"},"content":{"rendered":"<div id=\"pl-463\"  class=\"panel-layout\" ><div id=\"pg-463-0\"  class=\"panel-grid panel-no-style\" ><div id=\"pgc-463-0-0\"  class=\"panel-grid-cell\" ><div id=\"panel-463-0-0-0\" class=\"so-panel widget widget_sow-image panel-first-child\" data-index=\"0\" ><div\n\t\t\t\n\t\t\tclass=\"so-widget-sow-image so-widget-sow-image-default-a258e6bfa2d8-463\"\n\t\t\t\n\t\t>\n<div class=\"sow-image-container\">\n\t\t<img \n\tsrc=\"https:\/\/weimarkamin.de\/erfurt\/wp-content\/uploads\/sites\/16\/2016\/02\/EK-Herz.jpg\" width=\"2100\" height=\"700\" srcset=\"https:\/\/weimarkamin.de\/erfurt\/wp-content\/uploads\/sites\/16\/2016\/02\/EK-Herz.jpg 2100w, https:\/\/weimarkamin.de\/erfurt\/wp-content\/uploads\/sites\/16\/2016\/02\/EK-Herz-300x100.jpg 300w, https:\/\/weimarkamin.de\/erfurt\/wp-content\/uploads\/sites\/16\/2016\/02\/EK-Herz-1030x343.jpg 1030w, https:\/\/weimarkamin.de\/erfurt\/wp-content\/uploads\/sites\/16\/2016\/02\/EK-Herz-250x83.jpg 250w, https:\/\/weimarkamin.de\/erfurt\/wp-content\/uploads\/sites\/16\/2016\/02\/EK-Herz-150x50.jpg 150w\" sizes=\"(max-width: 2100px) 100vw, 2100px\" alt=\"\" \t\tclass=\"so-widget-image\"\/>\n\t<\/div>\n\n<\/div><\/div><div id=\"panel-463-0-0-1\" class=\"so-panel widget panel-last-child\" data-index=\"1\" ><\/div><\/div><\/div><div id=\"pg-463-1\"  class=\"panel-grid panel-has-style\" ><div class=\"panel-row-style panel-row-style-for-463-1\" ><div id=\"pgc-463-1-0\"  class=\"panel-grid-cell\" ><div id=\"panel-463-1-0-0\" class=\"so-panel widget widget_sow-image panel-first-child panel-last-child\" data-index=\"2\" ><div\n\t\t\t\n\t\t\tclass=\"so-widget-sow-image so-widget-sow-image-default-c67d20f9f743-463\"\n\t\t\t\n\t\t>\n<div class=\"sow-image-container\">\n\t\t<img \n\tsrc=\"https:\/\/weimarkamin.de\/erfurt\/wp-content\/uploads\/sites\/16\/2016\/02\/firegirl-rot-re-600.jpg\" width=\"600\" height=\"894\" srcset=\"https:\/\/weimarkamin.de\/erfurt\/wp-content\/uploads\/sites\/16\/2016\/02\/firegirl-rot-re-600.jpg 600w, https:\/\/weimarkamin.de\/erfurt\/wp-content\/uploads\/sites\/16\/2016\/02\/firegirl-rot-re-600-201x300.jpg 201w, https:\/\/weimarkamin.de\/erfurt\/wp-content\/uploads\/sites\/16\/2016\/02\/firegirl-rot-re-600-101x150.jpg 101w\" sizes=\"(max-width: 600px) 100vw, 600px\" title=\"Firegirl Weimarkamin rot rechts 600\" alt=\"Firegirl Weimarkamin\" \t\tclass=\"so-widget-image\"\/>\n\t<\/div>\n\n<\/div><\/div><\/div><div id=\"pgc-463-1-1\"  class=\"panel-grid-cell\" ><div id=\"panel-463-1-1-0\" class=\"so-panel widget widget_sow-editor panel-first-child panel-last-child\" data-index=\"3\" ><div class=\"panel-widget-style panel-widget-style-for-463-1-1-0\" ><div\n\t\t\t\n\t\t\tclass=\"so-widget-sow-editor so-widget-sow-editor-base\"\n\t\t\t\n\t\t><h2 class=\"widget-title\">Wissen &amp; Mehrwert f\u00fcr unsere gesch\u00e4tzte Kundschaft<\/h2>\n<div class=\"siteorigin-widget-tinymce textwidget\">\n\t<p><span class=\"schriftzug\"><strong>ERFURTKAMIN<\/strong><\/span> powered by <span class=\"schriftzug\"><strong>WEIMARKAMIN<\/strong><\/span><\/p>\n<p>Sehr geehrte Damen und Herren, liebe Feuerfreunde!<\/p>\n<p>Wir m\u00f6chten Ihnen nicht nur Produkte und die dazugeh\u00f6rigen Dienstleistungen aus den Segmenten Kamine &amp; Kaminbau, Kamin\u00f6fen, Herde, Heiztechnik, Back\u00f6fen, Barbeues &amp; Grills sowie Feuerstellen f\u00fcr Ihren Garten oder Au\u00dfenbereich anbieten.<\/p>\n<p><strong>Hier haben Sie die M\u00f6glichkeit, mit unserem Empfehlungskonzept baren Geld zu verdienen oder themenbezogene Informationen von uns zu erhalten, die Ihnen bei der Umsetzung Ihres Projektes durchaus dienlich sein k\u00f6nnen.<br \/><\/strong><\/p>\n<p>In den folgenden Rubriken erfahren Sie Wissenswertes und Faktisches rund um das Spiel mit dem Feuer und dar\u00fcber hinaus.<\/p>\n<p><strong>Vielleicht ist das ein oder andere Thema auch f\u00fcr Sie von Interesse.<\/strong><\/p>\n<\/div>\n<\/div><\/div><\/div><\/div><\/div><\/div><div id=\"pg-463-2\"  class=\"panel-grid panel-no-style\" ><div id=\"pgc-463-2-0\"  class=\"panel-grid-cell\" ><div id=\"panel-463-2-0-0\" class=\"so-panel widget widget_sow-editor panel-first-child panel-last-child\" data-index=\"4\" ><div class=\"panel-widget-style panel-widget-style-for-463-2-0-0\" ><div\n\t\t\t\n\t\t\tclass=\"so-widget-sow-editor so-widget-sow-editor-base\"\n\t\t\t\n\t\t>\n<div class=\"siteorigin-widget-tinymce textwidget\">\n\t<p><a href=\"https:\/\/weimarkamin.de\/zusaetzliches\/zubehoer\/\" target=\"_blank\"><strong>Zubeh\u00f6r<\/strong><\/a><br \/> Wir liefern Ihnen das passende Zubeh\u00f6r und Ersatzteile f\u00fcr Ihre Feuerst\u00e4tte.<\/p>\n<p><a href=\"https:\/\/weimarkamin.de\/zusaetzliches\/brennstoffe\/\" target=\"_blank\"><strong>Brennstoffe<\/strong><\/a><br \/> Hier erhalten Sie verschiedene Brennstoffe wie z.B. Scheitholz oder auch Bioethanol.<\/p>\n<p><a href=\"https:\/\/weimarkamin.de\/zusaetzliches\/empfehlungen\/\" target=\"_blank\"><strong>Empfehlungen<\/strong><\/a><br \/> Verdienen Sie bares Geld durch unsere bew\u00e4hrte Empfehlungskonzeption.<\/p>\n<p><a href=\"https:\/\/weimarkamin.de\/zusaetzliches\/lieferanten\/\" target=\"_blank\"><strong>Lieferanten<\/strong><\/a><br \/> Wissenswerte Informationen \u00fcber unsere Premium- Lieferanten und -Hersteller.<\/p>\n<p><a href=\"https:\/\/weimarkamin.de\/zusaetzliches\/mediathek\/\" target=\"_blank\"><strong>Mediathek<\/strong><\/a><br \/> \u00dcber unser Mediathek-Angebot erhalten Sie Zugriff auf Produktkataloge, Videos und mehr.<\/p>\n<p><a href=\"https:\/\/weimarkamin.de\/zusaetzliches\/ratgeber\/\" target=\"_blank\"><strong>Ratgeber<\/strong><\/a><br \/> Welcher \"Kamintyp\" bin ich? Was bedeuten bestimmte Fachbegriffe rund um Feuerst\u00e4tten? Erfahren Sie Wissenswertes!<\/p>\n<p><a href=\"https:\/\/weimarkamin.de\/zusaetzliches\/staatliche-foerderungen\/\" target=\"_blank\"><strong>Staatliche F\u00f6rderung<\/strong><\/a><br \/> Welche M\u00f6glichkeiten der staatlichen F\u00f6rderung gibt es f\u00fcr mein geplantes Projekt?<\/p>\n<p><a href=\"https:\/\/weimarkamin.de\/zusaetzliches\/finanzierung\/\" target=\"_blank\"><strong>Finanzierungen<\/strong><\/a><br \/> Hausbauer kennen das: alles kostet viel Geld. Wir erarbeiten mit Ihnen eine Finanzierung, damit Ihre Ressourcen erhalten bleiben.<\/p>\n<p><a href=\"https:\/\/weimarkamin.de\/zusaetzliches\/ethik\/\" target=\"_blank\"><strong>WEIMARKAMIN &amp; Ethik<\/strong><\/a><br \/>Wir sehen die Welt f\u00fchlend. Sie auch?<\/p>\n<p><a href=\"https:\/\/weimarkamin.de\/zusaetzliches\/unternehmerkreis-weimar\/\" target=\"_blank\"><strong>Unternehmerkreis Weimar (U.K.W.)<\/strong><\/a><br \/> Welche Unternehmer und Dienstleister in und um Weimar k\u00f6nnen wir empfehlen?<\/p>\n<p><span class=\"schriftzug\"><strong>ERFURTKAMIN<\/strong><\/span><br \/> ...macht warm um's Herz.<\/p>\n<\/div>\n<\/div><\/div><\/div><\/div><\/div><\/div>","protected":false},"excerpt":{"rendered":"<p>ERFURTKAMIN powered by WEIMARKAMINSehr geehrte Damen und Herren, liebe Feuerfreunde!Wir m\u00f6chten Ihnen nicht nur Produkte und die dazugeh\u00f6rigen Dienstleistungen aus den Segmenten Kamine &amp; Kaminbau, Kamin\u00f6fen, Herde, Heiztechnik, Back\u00f6fen, Barbeues &amp; Grills sowie Feuerstellen f\u00fcr Ihren Garten oder Au\u00dfenbereich anbieten.Hier haben Sie die M\u00f6glichkeit, mit unserem Empfehlungskonzept baren Geld zu\u2026<\/p>\n<p> <a class=\"continue-reading-link\" href=\"https:\/\/weimarkamin.de\/erfurt\/zusaetzliches\/\"><span>Continue reading<\/span><i class=\"crycon-right-dir\"><\/i><\/a> <\/p>\n","protected":false},"author":1,"featured_media":0,"parent":0,"menu_order":0,"comment_status":"closed","ping_status":"closed","template":"","meta":{"footnotes":""},"class_list":["post-463","page","type-page","status-publish","hentry"],"_links":{"self":[{"href":"https:\/\/weimarkamin.de\/erfurt\/wp-json\/wp\/v2\/pages\/463","targetHints":{"allow":["GET"]}}],"collection":[{"href":"https:\/\/weimarkamin.de\/erfurt\/wp-json\/wp\/v2\/pages"}],"about":[{"href":"https:\/\/weimarkamin.de\/erfurt\/wp-json\/wp\/v2\/types\/page"}],"author":[{"embeddable":true,"href":"https:\/\/weimarkamin.de\/erfurt\/wp-json\/wp\/v2\/users\/1"}],"replies":[{"embeddable":true,"href":"https:\/\/weimarkamin.de\/erfurt\/wp-json\/wp\/v2\/comments?post=463"}],"version-history":[{"count":3,"href":"https:\/\/weimarkamin.de\/erfurt\/wp-json\/wp\/v2\/pages\/463\/revisions"}],"predecessor-version":[{"id":3559,"href":"https:\/\/weimarkamin.de\/erfurt\/wp-json\/wp\/v2\/pages\/463\/revisions\/3559"}],"wp:attachment":[{"href":"https:\/\/weimarkamin.de\/erfurt\/wp-json\/wp\/v2\/media?parent=463"}],"curies":[{"name":"wp","href":"https:\/\/api.w.org\/{rel}","templated":true}]}}