{"id":3470,"date":"2016-02-14T21:33:01","date_gmt":"2016-02-14T20:33:01","guid":{"rendered":"https:\/\/weimarkamin.de\/?page_id=3470"},"modified":"2017-05-09T16:44:36","modified_gmt":"2017-05-09T14:44:36","slug":"einzugsgebiet","status":"publish","type":"page","link":"https:\/\/weimarkamin.de\/erfurt\/einzugsgebiet\/","title":{"rendered":"Einzugsgebiete unseres Unternehmens"},"content":{"rendered":"<div id=\"pl-3470\"  class=\"panel-layout\" ><div id=\"pg-3470-0\"  class=\"panel-grid panel-no-style\" ><div id=\"pgc-3470-0-0\"  class=\"panel-grid-cell\" ><div id=\"panel-3470-0-0-0\" class=\"so-panel widget widget_sow-image panel-first-child\" data-index=\"0\" ><div\n\t\t\t\n\t\t\tclass=\"so-widget-sow-image so-widget-sow-image-default-a258e6bfa2d8-3470\"\n\t\t\t\n\t\t>\n<div class=\"sow-image-container\">\n\t\t<img \n\tsrc=\"https:\/\/weimarkamin.de\/erfurt\/wp-content\/uploads\/sites\/16\/2016\/02\/Standorte-1030x251.jpg\" width=\"1030\" height=\"251\" srcset=\"https:\/\/weimarkamin.de\/erfurt\/wp-content\/uploads\/sites\/16\/2016\/02\/Standorte-1030x251.jpg 1030w, https:\/\/weimarkamin.de\/erfurt\/wp-content\/uploads\/sites\/16\/2016\/02\/Standorte-1030x251-300x73.jpg 300w, https:\/\/weimarkamin.de\/erfurt\/wp-content\/uploads\/sites\/16\/2016\/02\/Standorte-1030x251-250x61.jpg 250w, https:\/\/weimarkamin.de\/erfurt\/wp-content\/uploads\/sites\/16\/2016\/02\/Standorte-1030x251-150x37.jpg 150w\" sizes=\"(max-width: 1030px) 100vw, 1030px\" title=\"Einzugsgebiete unseres Unternehmens\" alt=\"Einzugsgebiete unseres Unternehmens\" \t\tclass=\"so-widget-image\"\/>\n\t<\/div>\n\n<\/div><\/div><div id=\"panel-3470-0-0-1\" class=\"so-panel widget widget_sow-headline\" data-index=\"1\" ><div\n\t\t\t\n\t\t\tclass=\"so-widget-sow-headline so-widget-sow-headline-default-fa28e620b1e3-3470\"\n\t\t\t\n\t\t><div class=\"sow-headline-container \">\n\t\t\t\t\t\t\t<h3 class=\"sow-headline\">\n\t\t\t\t\t\tChancen passieren nicht, du erschaffst sie.\t\t\t\t\t\t<\/h3>\n\t\t\t\t\t\t\t\t\t\t\t<div class=\"decoration\">\n\t\t\t\t\t\t<div class=\"decoration-inside\"><\/div>\n\t\t\t\t\t<\/div>\n\t\t\t\t\t\t\t\t\t\t\t<h4 class=\"sow-sub-headline\">\n\t\t\t\t\t\t(Chris Grosser)\t\t\t\t\t\t<\/h4>\n\t\t\t\t\t\t<\/div>\n<\/div><\/div><div id=\"panel-3470-0-0-2\" class=\"so-panel widget\" data-index=\"2\" ><\/div><div id=\"panel-3470-0-0-3\" class=\"so-panel widget widget_sow-editor\" data-index=\"3\" ><div\n\t\t\t\n\t\t\tclass=\"so-widget-sow-editor so-widget-sow-editor-base\"\n\t\t\t\n\t\t><h2 class=\"widget-title\">Sehr geehrte Damen und Herren, liebe Feuerfreunde!<\/h2>\n<div class=\"siteorigin-widget-tinymce textwidget\">\n\t<p><strong><img loading=\"lazy\" decoding=\"async\" class=\"size-medium wp-image-3788 alignleft\" src=\"https:\/\/weimarkamin.de\/wp-content\/uploads\/2016\/02\/fajro_info-298x300.jpg\" alt=\"\" width=\"298\" height=\"300\" \/><\/strong><span class=\"schriftzug\"><strong>WEIMARKAMIN<\/strong><\/span> ist ein in der Klassikerstadt Weimar ans\u00e4ssiges Unternehmen, <br \/>welches seine umfangreichen Produkte und Dienstleistungen regional aber auch \u00fcberregional <br \/>f\u00fcr Sie zur Verf\u00fcgung stellt.<\/p>\n<p>In der unten stehenden Karte zeigen wir Ihnen eine Auswahl von Orten und Regionen, <br \/>in denen wir bereits erfolgreich Projekte f\u00fcr unsere Kunden im Ofenbau, Kaminbau, Ausstattung <br \/>mit Heiztechnik und verschiedene andere Gewerke innerhalb unseres Leistungsbereiches <br \/>durchgef\u00fchrt haben.<\/p>\n<p><strong>Schenken auch Sie uns Ihr Vertrauen und profitieren Sie aus 26 Jahren Berufs-\u00a0 Erfahrung und der Wertsch\u00f6pfung von ca. 1.600 bereits erfolgreich umgesetzter Auftr\u00e4ge unserer Kundschaft.<\/strong><\/p>\n<\/div>\n<\/div><\/div><div id=\"panel-3470-0-0-4\" class=\"so-panel widget widget_sow-google-map panel-last-child\" data-index=\"4\" ><div\n\t\t\t\n\t\t\tclass=\"so-widget-sow-google-map so-widget-sow-google-map-default-3ce1835a3d7b-3470\"\n\t\t\t\n\t\t>\n<div class=\"sow-google-map-canvas\"\n\tstyle=\"\"\n\tid=\"map-canvas-3b42627828343397b30465b61a930c8e\"\n\tdata-options=\"{&quot;address&quot;:&quot;Eisenach&quot;,&quot;zoom&quot;:8,&quot;mobileZoom&quot;:8,&quot;gestureHandling&quot;:&quot;greedy&quot;,&quot;disableUi&quot;:false,&quot;markerIcon&quot;:false,&quot;markersDraggable&quot;:false,&quot;markerAtCenter&quot;:true,&quot;markerInfoDisplay&quot;:&quot;click&quot;,&quot;markerInfoMultiple&quot;:true,&quot;markerPositions&quot;:[{&quot;place&quot;:&quot;50.994765, 11.025627&quot;,&quot;info&quot;:&quot;&quot;,&quot;infoSelectedEditor&quot;:&quot;tinymce&quot;,&quot;infoMaxWidth&quot;:&quot;&quot;,&quot;customMarkerIcon&quot;:&quot;&quot;,&quot;customMarkerIconSize&quot;:&quot;&quot;},{&quot;place&quot;:&quot;50.930012, 11.589786&quot;,&quot;info&quot;:&quot;&lt;p&gt;Jena&lt;\\\/p&gt;&quot;,&quot;infoSelectedEditor&quot;:&quot;tinymce&quot;,&quot;infoMaxWidth&quot;:&quot;&quot;,&quot;customMarkerIcon&quot;:&quot;&quot;,&quot;customMarkerIconSize&quot;:&quot;&quot;},{&quot;place&quot;:&quot;50.871504, 12.081711&quot;,&quot;info&quot;:&quot;&lt;p&gt;Gera&lt;\\\/p&gt;&quot;,&quot;infoSelectedEditor&quot;:&quot;tinymce&quot;,&quot;infoMaxWidth&quot;:&quot;&quot;,&quot;customMarkerIcon&quot;:&quot;&quot;,&quot;customMarkerIconSize&quot;:&quot;&quot;},{&quot;place&quot;:&quot;51.028563, 11.517647&quot;,&quot;info&quot;:&quot;&lt;p&gt;Apolda&lt;\\\/p&gt;&quot;,&quot;infoSelectedEditor&quot;:&quot;tinymce&quot;,&quot;infoMaxWidth&quot;:&quot;&quot;,&quot;customMarkerIcon&quot;:&quot;&quot;,&quot;customMarkerIconSize&quot;:&quot;&quot;},{&quot;place&quot;:&quot;50.899631, 11.279751&quot;,&quot;info&quot;:&quot;&lt;p&gt;Bad Berka&lt;\\\/p&gt;&quot;,&quot;infoSelectedEditor&quot;:&quot;tinymce&quot;,&quot;infoMaxWidth&quot;:&quot;&quot;,&quot;customMarkerIcon&quot;:&quot;&quot;,&quot;customMarkerIconSize&quot;:&quot;&quot;},{&quot;place&quot;:&quot;51.004072, 11.365355&quot;,&quot;info&quot;:&quot;&lt;p&gt;Kromsdorf&lt;\\\/p&gt;&quot;,&quot;infoSelectedEditor&quot;:&quot;tinymce&quot;,&quot;infoMaxWidth&quot;:&quot;&quot;,&quot;customMarkerIcon&quot;:&quot;&quot;,&quot;customMarkerIconSize&quot;:&quot;&quot;},{&quot;place&quot;:&quot;50.975871, 10.316306&quot;,&quot;info&quot;:&quot;&lt;p&gt;Eisenach&lt;\\\/p&gt;&quot;,&quot;infoSelectedEditor&quot;:&quot;tinymce&quot;,&quot;infoMaxWidth&quot;:&quot;&quot;,&quot;customMarkerIcon&quot;:&quot;&quot;,&quot;customMarkerIconSize&quot;:&quot;&quot;},{&quot;place&quot;:&quot;50.947351, 10.715246&quot;,&quot;info&quot;:&quot;&lt;p&gt;Gotha&lt;\\\/p&gt;&quot;,&quot;infoSelectedEditor&quot;:&quot;tinymce&quot;,&quot;infoMaxWidth&quot;:&quot;&quot;,&quot;customMarkerIcon&quot;:&quot;&quot;,&quot;customMarkerIconSize&quot;:&quot;&quot;},{&quot;place&quot;:&quot;50.834192, 10.951265&quot;,&quot;info&quot;:&quot;&lt;p&gt;Arnstadt&lt;\\\/p&gt;&quot;,&quot;infoSelectedEditor&quot;:&quot;tinymce&quot;,&quot;infoMaxWidth&quot;:&quot;&quot;,&quot;customMarkerIcon&quot;:&quot;&quot;,&quot;customMarkerIconSize&quot;:&quot;&quot;},{&quot;place&quot;:&quot;50.814686, 10.232158&quot;,&quot;info&quot;:&quot;&lt;p&gt;Bad Salzungen&lt;\\\/p&gt;&quot;,&quot;infoSelectedEditor&quot;:&quot;tinymce&quot;,&quot;infoMaxWidth&quot;:&quot;&quot;,&quot;customMarkerIcon&quot;:&quot;&quot;,&quot;customMarkerIconSize&quot;:&quot;&quot;},{&quot;place&quot;:&quot;50.719452, 11.339783&quot;,&quot;info&quot;:&quot;&lt;p&gt;Rudolstadt&lt;\\\/p&gt;&quot;,&quot;infoSelectedEditor&quot;:&quot;tinymce&quot;,&quot;infoMaxWidth&quot;:&quot;&quot;,&quot;customMarkerIcon&quot;:&quot;&quot;,&quot;customMarkerIconSize&quot;:&quot;&quot;},{&quot;place&quot;:&quot;50.653602, 11.370176&quot;,&quot;info&quot;:&quot;&lt;p&gt;Saalfeld&lt;\\\/p&gt;&quot;,&quot;infoSelectedEditor&quot;:&quot;tinymce&quot;,&quot;infoMaxWidth&quot;:&quot;&quot;,&quot;customMarkerIcon&quot;:&quot;&quot;,&quot;customMarkerIconSize&quot;:&quot;&quot;},{&quot;place&quot;:&quot;50.689911, 10.920361&quot;,&quot;info&quot;:&quot;&lt;p&gt;Ilmenau&lt;\\\/p&gt;&quot;,&quot;infoSelectedEditor&quot;:&quot;tinymce&quot;,&quot;infoMaxWidth&quot;:&quot;&quot;,&quot;customMarkerIcon&quot;:&quot;&quot;,&quot;customMarkerIconSize&quot;:&quot;&quot;},{&quot;place&quot;:&quot;50.603784, 10.688981&quot;,&quot;info&quot;:&quot;&lt;p&gt;Suhl&lt;\\\/p&gt;&quot;,&quot;infoSelectedEditor&quot;:&quot;tinymce&quot;,&quot;infoMaxWidth&quot;:&quot;&quot;,&quot;customMarkerIcon&quot;:&quot;&quot;,&quot;customMarkerIconSize&quot;:&quot;&quot;},{&quot;place&quot;:&quot;51.158187, 11.121345&quot;,&quot;info&quot;:&quot;&lt;p&gt;S\\u00f6mmerda&lt;\\\/p&gt;&quot;,&quot;infoSelectedEditor&quot;:&quot;tinymce&quot;,&quot;infoMaxWidth&quot;:&quot;&quot;,&quot;customMarkerIcon&quot;:&quot;&quot;,&quot;customMarkerIconSize&quot;:&quot;&quot;},{&quot;place&quot;:&quot;51.120169, 11.413602&quot;,&quot;info&quot;:&quot;&lt;p&gt;Buttst\\u00e4dt&lt;\\\/p&gt;&quot;,&quot;infoSelectedEditor&quot;:&quot;tinymce&quot;,&quot;infoMaxWidth&quot;:&quot;&quot;,&quot;customMarkerIcon&quot;:&quot;&quot;,&quot;customMarkerIconSize&quot;:&quot;&quot;},{&quot;place&quot;:&quot;51.190028, 11.244539&quot;,&quot;info&quot;:&quot;&lt;p&gt;K\\u00f6lleda&lt;\\\/p&gt;&quot;,&quot;infoSelectedEditor&quot;:&quot;tinymce&quot;,&quot;infoMaxWidth&quot;:&quot;&quot;,&quot;customMarkerIcon&quot;:&quot;&quot;,&quot;customMarkerIconSize&quot;:&quot;&quot;},{&quot;place&quot;:&quot;51.213893, 10.449743&quot;,&quot;info&quot;:&quot;&lt;p&gt;M\\u00fchlhausen&lt;\\\/p&gt;&quot;,&quot;infoSelectedEditor&quot;:&quot;tinymce&quot;,&quot;infoMaxWidth&quot;:&quot;&quot;,&quot;customMarkerIcon&quot;:&quot;&quot;,&quot;customMarkerIconSize&quot;:&quot;&quot;},{&quot;place&quot;:&quot;51.103416, 10.646850&quot;,&quot;info&quot;:&quot;&lt;p&gt;Bad Langensalza&lt;\\\/p&gt;&quot;,&quot;infoSelectedEditor&quot;:&quot;tinymce&quot;,&quot;infoMaxWidth&quot;:&quot;&quot;,&quot;customMarkerIcon&quot;:&quot;&quot;,&quot;customMarkerIconSize&quot;:&quot;&quot;},{&quot;place&quot;:&quot;51.476648, 11.981291&quot;,&quot;info&quot;:&quot;&lt;p&gt;Halle&lt;\\\/p&gt;&quot;,&quot;infoSelectedEditor&quot;:&quot;tinymce&quot;,&quot;infoMaxWidth&quot;:&quot;&quot;,&quot;customMarkerIcon&quot;:&quot;&quot;,&quot;customMarkerIconSize&quot;:&quot;&quot;},{&quot;place&quot;:&quot;51.157457, 11.815090&quot;,&quot;info&quot;:&quot;&lt;p&gt;Naumburg&lt;\\\/p&gt;&quot;,&quot;infoSelectedEditor&quot;:&quot;tinymce&quot;,&quot;infoMaxWidth&quot;:&quot;&quot;,&quot;customMarkerIcon&quot;:&quot;&quot;,&quot;customMarkerIconSize&quot;:&quot;&quot;},{&quot;place&quot;:&quot;52.510972, 13.400022&quot;,&quot;info&quot;:&quot;&lt;p&gt;Berlin&lt;\\\/p&gt;&quot;,&quot;infoSelectedEditor&quot;:&quot;tinymce&quot;,&quot;infoMaxWidth&quot;:&quot;&quot;,&quot;customMarkerIcon&quot;:&quot;&quot;,&quot;customMarkerIconSize&quot;:&quot;&quot;},{&quot;place&quot;:&quot;49.452304, 11.068619&quot;,&quot;info&quot;:&quot;&lt;p&gt;N\\u00fcrnberg&lt;\\\/p&gt;&quot;,&quot;infoSelectedEditor&quot;:&quot;tinymce&quot;,&quot;infoMaxWidth&quot;:&quot;&quot;,&quot;customMarkerIcon&quot;:&quot;&quot;,&quot;customMarkerIconSize&quot;:&quot;&quot;},{&quot;place&quot;:&quot;49.792571, 9.943713&quot;,&quot;info&quot;:&quot;&lt;p&gt;W\\u00fcrzburg&lt;\\\/p&gt;&quot;,&quot;infoSelectedEditor&quot;:&quot;tinymce&quot;,&quot;infoMaxWidth&quot;:&quot;&quot;,&quot;customMarkerIcon&quot;:&quot;&quot;,&quot;customMarkerIconSize&quot;:&quot;&quot;},{&quot;place&quot;:&quot;50.315069, 11.912669&quot;,&quot;info&quot;:&quot;&lt;p&gt;Hof&lt;\\\/p&gt;&quot;,&quot;infoSelectedEditor&quot;:&quot;tinymce&quot;,&quot;infoMaxWidth&quot;:&quot;&quot;,&quot;customMarkerIcon&quot;:&quot;&quot;,&quot;customMarkerIconSize&quot;:&quot;&quot;},{&quot;place&quot;:&quot;50.259659, 10.960065&quot;,&quot;info&quot;:&quot;&lt;p&gt;Coburg&lt;\\\/p&gt;&quot;,&quot;infoSelectedEditor&quot;:&quot;tinymce&quot;,&quot;infoMaxWidth&quot;:&quot;&quot;,&quot;customMarkerIcon&quot;:&quot;&quot;,&quot;customMarkerIconSize&quot;:&quot;&quot;},{&quot;place&quot;:&quot;50.122228, 8.674664&quot;,&quot;info&quot;:&quot;&lt;p&gt;Frankfurt&lt;\\\/p&gt;&quot;,&quot;infoSelectedEditor&quot;:&quot;tinymce&quot;,&quot;infoMaxWidth&quot;:&quot;&quot;,&quot;customMarkerIcon&quot;:&quot;&quot;,&quot;customMarkerIconSize&quot;:&quot;&quot;},{&quot;place&quot;:&quot;51.184905, 10.052930&quot;,&quot;info&quot;:&quot;&lt;p&gt;Eschwege&lt;\\\/p&gt;&quot;,&quot;infoSelectedEditor&quot;:&quot;tinymce&quot;,&quot;infoMaxWidth&quot;:&quot;&quot;,&quot;customMarkerIcon&quot;:&quot;&quot;,&quot;customMarkerIconSize&quot;:&quot;&quot;},{&quot;place&quot;:&quot;50.551863, 9.681635&quot;,&quot;info&quot;:&quot;&lt;p&gt;Fulda&lt;\\\/p&gt;&quot;,&quot;infoSelectedEditor&quot;:&quot;tinymce&quot;,&quot;infoMaxWidth&quot;:&quot;&quot;,&quot;customMarkerIcon&quot;:&quot;&quot;,&quot;customMarkerIconSize&quot;:&quot;&quot;},{&quot;place&quot;:&quot;51.315446, 9.504209&quot;,&quot;info&quot;:&quot;&quot;,&quot;infoSelectedEditor&quot;:&quot;tinymce&quot;,&quot;infoMaxWidth&quot;:&quot;&quot;,&quot;customMarkerIcon&quot;:&quot;&quot;,&quot;customMarkerIconSize&quot;:&quot;&quot;},{&quot;place&quot;:&quot;51.537708, 9.933024&quot;,&quot;info&quot;:&quot;&lt;p&gt;G\\u00f6ttingen&lt;\\\/p&gt;&quot;,&quot;infoSelectedEditor&quot;:&quot;tinymce&quot;,&quot;infoMaxWidth&quot;:&quot;&quot;,&quot;customMarkerIcon&quot;:&quot;&quot;,&quot;customMarkerIconSize&quot;:&quot;&quot;},{&quot;place&quot;:&quot;51.338482, 12.395343&quot;,&quot;info&quot;:&quot;&lt;p&gt;Leipzig&lt;\\\/p&gt;&quot;,&quot;infoSelectedEditor&quot;:&quot;tinymce&quot;,&quot;infoMaxWidth&quot;:&quot;&quot;,&quot;customMarkerIcon&quot;:&quot;&quot;,&quot;customMarkerIconSize&quot;:&quot;&quot;}],&quot;mapName&quot;:false,&quot;mapStyles&quot;:false,&quot;directions&quot;:&quot;&quot;,&quot;apiKey&quot;:&quot;AIzaSyDd4-mZLIacLY5f9_yUCI2ZDI-ydKaXn9M&quot;,&quot;breakpoint&quot;:780,&quot;id&quot;:&quot;69d234&quot;}\"\n\tdata-fallback-image=\"{&quot;img&quot;:&quot;&quot;}\"><\/div>\n<\/div><\/div><\/div><\/div><div id=\"pg-3470-1\"  class=\"panel-grid panel-no-style\" ><div id=\"pgc-3470-1-0\"  class=\"panel-grid-cell\" ><div id=\"panel-3470-1-0-0\" class=\"so-panel widget widget_sow-editor panel-first-child panel-last-child\" data-index=\"5\" ><div\n\t\t\t\n\t\t\tclass=\"so-widget-sow-editor so-widget-sow-editor-base\"\n\t\t\t\n\t\t>\n<div class=\"siteorigin-widget-tinymce textwidget\">\n\t<h2>in Th\u00fcringen<\/h2>\n<ul>\n<li>Weimar<\/li>\n<li>Apolda<\/li>\n<li>Bad Berka<\/li>\n<li>Kromsdorf<\/li>\n<li>Erfurt<\/li>\n<li>Eisenach<\/li>\n<li>Bad Salzungen<\/li>\n<li>Jena<\/li>\n<li>Eisenberg<\/li>\n<li>Gera<\/li>\n<li>Gotha<\/li>\n<li>Arnstadt<\/li>\n<li>Rudolstadt<\/li>\n<li>Saalfeld<\/li>\n<li>Ilmenau<\/li>\n<li>Suhl<\/li>\n<li>S\u00f6mmerda<\/li>\n<li>Buttst\u00e4dt<\/li>\n<li>K\u00f6lleda<\/li>\n<li>M\u00fchlhausen<\/li>\n<li>Bad Langensalza<\/li>\n<\/ul>\n<\/div>\n<\/div><\/div><\/div><div id=\"pgc-3470-1-1\"  class=\"panel-grid-cell\" ><div id=\"panel-3470-1-1-0\" class=\"so-panel widget widget_sow-editor panel-first-child panel-last-child\" data-index=\"6\" ><div\n\t\t\t\n\t\t\tclass=\"so-widget-sow-editor so-widget-sow-editor-base\"\n\t\t\t\n\t\t>\n<div class=\"siteorigin-widget-tinymce textwidget\">\n\t<h2>in Sachsen-Anhalt<\/h2>\n<ul>\n<li>den Gro\u00dfraum <strong>Halle<\/strong>\/ Saale<\/li>\n<li>Naumburg<\/li>\n<\/ul>\n<h2>in Sachsen<\/h2>\n<ul>\n<li>den Gro\u00dfraum <strong>Leipzig<\/strong><\/li>\n<\/ul>\n<h2>in Bayern<\/h2>\n<ul>\n<li>die Metropolregion <strong>N\u00fcrnberg<\/strong><\/li>\n<li>den Gro\u00dfraum <strong>W\u00fcrzburg<\/strong><\/li>\n<li>Hof<\/li>\n<li>Coburg<\/li>\n<\/ul>\n<h2>In Hessen<\/h2>\n<ul>\n<li>den Gro\u00dfraum <strong>Frankfurt<\/strong>\/ Main<\/li>\n<li>Eschwege<\/li>\n<li>Fulda<\/li>\n<li>Kassel<\/li>\n<li>G\u00f6ttingen<\/li>\n<li>Bad Hersfeld<\/li>\n<\/ul>\n<h2>Berlin<\/h2>\n<\/div>\n<\/div><\/div><\/div><\/div><div id=\"pg-3470-2\"  class=\"panel-grid panel-no-style\" ><div id=\"pgc-3470-2-0\"  class=\"panel-grid-cell\" ><div id=\"panel-3470-2-0-0\" class=\"so-panel widget widget_sow-editor panel-first-child panel-last-child\" data-index=\"7\" ><div\n\t\t\t\n\t\t\tclass=\"so-widget-sow-editor so-widget-sow-editor-base\"\n\t\t\t\n\t\t>\n<div class=\"siteorigin-widget-tinymce textwidget\">\n\t<a class='beratung rechts eigeneButtons' href='\/beratung\/'>Beratung vereinbaren<\/a>\n<\/div>\n<\/div><\/div><\/div><div id=\"pgc-3470-2-1\"  class=\"panel-grid-cell\" ><div id=\"panel-3470-2-1-0\" class=\"so-panel widget widget_sow-editor panel-first-child panel-last-child\" data-index=\"8\" ><div\n\t\t\t\n\t\t\tclass=\"so-widget-sow-editor so-widget-sow-editor-base\"\n\t\t\t\n\t\t>\n<div class=\"siteorigin-widget-tinymce textwidget\">\n\t<a class='kontakt links eigeneButtons' href='\/kontakt\/'>Telefon und mehr<\/a>\n<\/div>\n<\/div><\/div><\/div><\/div><div id=\"pg-3470-3\"  class=\"panel-grid panel-no-style\" ><div id=\"pgc-3470-3-0\"  class=\"panel-grid-cell\" ><div id=\"panel-3470-3-0-0\" class=\"so-panel widget widget_text panel-first-child panel-last-child\" data-index=\"9\" >\t\t\t<div class=\"textwidget\"><p>&nbsp;<\/p>\n<p><span class='schriftzug'><strong>WEIMARKAMIN<\/strong><\/span><br \/>\n...macht warm um's Herz.<\/p>\n<\/div>\n\t\t<\/div><\/div><\/div><\/div>","protected":false},"excerpt":{"rendered":"<p>WEIMARKAMIN ist ein in der Klassikerstadt Weimar ans\u00e4ssiges Unternehmen, welches seine umfangreichen Produkte und Dienstleistungen regional aber auch \u00fcberregional f\u00fcr Sie zur Verf\u00fcgung stellt.In der unten stehenden Karte zeigen wir Ihnen eine Auswahl von Orten und Regionen, in denen wir bereits erfolgreich Projekte f\u00fcr unsere Kunden im Ofenbau, Kaminbau, Ausstattung\u2026<\/p>\n<p> <a class=\"continue-reading-link\" href=\"https:\/\/weimarkamin.de\/erfurt\/einzugsgebiet\/\"><span>Continue reading<\/span><i class=\"crycon-right-dir\"><\/i><\/a> <\/p>\n","protected":false},"author":1,"featured_media":0,"parent":0,"menu_order":0,"comment_status":"closed","ping_status":"closed","template":"","meta":{"footnotes":""},"class_list":["post-3470","page","type-page","status-publish","hentry"],"_links":{"self":[{"href":"https:\/\/weimarkamin.de\/erfurt\/wp-json\/wp\/v2\/pages\/3470","targetHints":{"allow":["GET"]}}],"collection":[{"href":"https:\/\/weimarkamin.de\/erfurt\/wp-json\/wp\/v2\/pages"}],"about":[{"href":"https:\/\/weimarkamin.de\/erfurt\/wp-json\/wp\/v2\/types\/page"}],"author":[{"embeddable":true,"href":"https:\/\/weimarkamin.de\/erfurt\/wp-json\/wp\/v2\/users\/1"}],"replies":[{"embeddable":true,"href":"https:\/\/weimarkamin.de\/erfurt\/wp-json\/wp\/v2\/comments?post=3470"}],"version-history":[{"count":3,"href":"https:\/\/weimarkamin.de\/erfurt\/wp-json\/wp\/v2\/pages\/3470\/revisions"}],"predecessor-version":[{"id":3561,"href":"https:\/\/weimarkamin.de\/erfurt\/wp-json\/wp\/v2\/pages\/3470\/revisions\/3561"}],"wp:attachment":[{"href":"https:\/\/weimarkamin.de\/erfurt\/wp-json\/wp\/v2\/media?parent=3470"}],"curies":[{"name":"wp","href":"https:\/\/api.w.org\/{rel}","templated":true}]}}