{"id":26,"date":"2016-02-17T13:44:55","date_gmt":"2016-02-17T12:44:55","guid":{"rendered":"https:\/\/weimarkamin.de\/erfurt\/?page_id=26"},"modified":"2017-05-09T15:21:40","modified_gmt":"2017-05-09T13:21:40","slug":"kaminoefen","status":"publish","type":"page","link":"https:\/\/weimarkamin.de\/erfurt\/kaminoefen\/","title":{"rendered":"Kamin\u00f6fen"},"content":{"rendered":"<div id=\"pl-26\"  class=\"panel-layout\" ><div id=\"pg-26-0\"  class=\"panel-grid panel-no-style\" ><div id=\"pgc-26-0-0\"  class=\"panel-grid-cell\" ><div id=\"panel-26-0-0-0\" class=\"so-panel widget widget_sow-image panel-first-child\" data-index=\"0\" ><div\n\t\t\t\n\t\t\tclass=\"so-widget-sow-image so-widget-sow-image-default-a258e6bfa2d8-26\"\n\t\t\t\n\t\t>\n<div class=\"sow-image-container\">\n\t\t<img \n\tsrc=\"https:\/\/weimarkamin.de\/erfurt\/wp-content\/uploads\/sites\/16\/2016\/02\/EK-Herz.jpg\" width=\"2100\" height=\"700\" srcset=\"https:\/\/weimarkamin.de\/erfurt\/wp-content\/uploads\/sites\/16\/2016\/02\/EK-Herz.jpg 2100w, https:\/\/weimarkamin.de\/erfurt\/wp-content\/uploads\/sites\/16\/2016\/02\/EK-Herz-300x100.jpg 300w, https:\/\/weimarkamin.de\/erfurt\/wp-content\/uploads\/sites\/16\/2016\/02\/EK-Herz-1030x343.jpg 1030w, https:\/\/weimarkamin.de\/erfurt\/wp-content\/uploads\/sites\/16\/2016\/02\/EK-Herz-250x83.jpg 250w, https:\/\/weimarkamin.de\/erfurt\/wp-content\/uploads\/sites\/16\/2016\/02\/EK-Herz-150x50.jpg 150w\" sizes=\"(max-width: 2100px) 100vw, 2100px\" alt=\"\" \t\tclass=\"so-widget-image\"\/>\n\t<\/div>\n\n<\/div><\/div><div id=\"panel-26-0-0-1\" class=\"so-panel widget panel-last-child\" data-index=\"1\" ><\/div><\/div><\/div><div id=\"pg-26-1\"  class=\"panel-grid panel-has-style\" ><div class=\"panel-row-style panel-row-style-for-26-1\" ><div id=\"pgc-26-1-0\"  class=\"panel-grid-cell\" ><div id=\"panel-26-1-0-0\" class=\"so-panel widget widget_sow-editor panel-first-child panel-last-child\" data-index=\"2\" ><div\n\t\t\t\n\t\t\tclass=\"so-widget-sow-editor so-widget-sow-editor-base\"\n\t\t\t\n\t\t><h2 class=\"widget-title\">Der perfekte Kaminofen f\u00fcr Sie durch unser internationales Produkt- Portfolio<\/h2>\n<div class=\"siteorigin-widget-tinymce textwidget\">\n\t<p><span class=\"schriftzug\"><strong>ERFURTKAMIN<\/strong><\/span> powered by <span class=\"schriftzug\"><strong>WEIMARKAMIN<\/strong><\/span><\/p>\n<p><strong>Sehr geehrte Damen und Herren, liebe Feuerfreunde!<\/strong><\/p>\n<p>Bei uns steht Ihnen ein sehr umfangreiches Sortiment an Kamin\u00f6fen mit allen denkbaren Designs zur Verf\u00fcgung und sollte Ihr Modell dann immer noch nicht dabei sein, gestalten Sie die Fassade Ihres Kaminofens einfach selbst.<\/p>\n<p>Dar\u00fcberhinaus finden Sie bei unseren Produkten verschiedene technische Ausstattungen in jeder gew\u00fcnschten Preiskategorie.<br \/>Die Feuerungsart bestimmen Sie unter Ber\u00fccksichtigung der Vorgaben Ihres Schornsteinfegers, Ihrer h\u00e4uslichen Gegebenheiten und den zu Ihrer famil\u00e4ren Situation passenden Betriebsaufwandes Ihrer gew\u00fcnschten Feuerst\u00e4tte.<\/p>\n<p><span class=\"schrift-orange\"><strong>Europ\u00e4isch zu denken und zu handeln spiegelt sich bei unseren Lieferanten wider, welche in vielen L\u00e4ndern unseres Kontinents angesiedelt sind.<\/strong><\/span><\/p>\n<p>Alle unserer angebotenen Modelle\u00a0 entsprechen dabei den aktuell vom Gesetzgeber\u00a0 vorgegebenen Normen der Feuerst\u00e4ttenverordnung.<\/p>\n<p><strong>Wir beraten unsere Kunden im Vorfeld eingehend und umfassend, w\u00e4hlen dann gemeinsam das perfekte Produkt f\u00fcr Sie aus und schlie\u00dfen es selbstverst\u00e4ndlich fachgerecht und abnahmef\u00e4hig an.<br \/><\/strong><br \/>Eine umfangreiche Anzahl umgesetzter Projekte in diesem Segment bef\u00e4higen uns dazu, auch Ihren Wunsch nach einer perfekten Heizquelle gemeinsam mit Ihnen zu realisieren. Gerne sind wir Ihnen bei der konzeptionellen Umsetzung Ihres geplanten Projektes behilflich.<\/p>\n<p><strong>Bitte w\u00e4hlen Sie Sie die von Ihnen gew\u00fcnschte Kategorie aus und erfahren Sie mehr oder vereinbaren Sie direkt von hier mit uns einen <a href=\"https:\/\/weimarkamin.de\/beratung\/\">Beratungstermin<\/a>!<\/strong><\/p>\n<\/div>\n<\/div><\/div><\/div><div id=\"pgc-26-1-1\"  class=\"panel-grid-cell\" ><div id=\"panel-26-1-1-0\" class=\"so-panel widget widget_sow-image panel-first-child panel-last-child\" data-index=\"3\" ><div\n\t\t\t\n\t\t\tclass=\"so-widget-sow-image so-widget-sow-image-default-8b5b6f678277-26\"\n\t\t\t\n\t\t>\n<div class=\"sow-image-container\">\n\t\t<img \n\tsrc=\"https:\/\/weimarkamin.de\/erfurt\/wp-content\/uploads\/sites\/16\/2016\/02\/fire-girl-silber-1.jpg\" width=\"1838\" height=\"2739\" srcset=\"https:\/\/weimarkamin.de\/erfurt\/wp-content\/uploads\/sites\/16\/2016\/02\/fire-girl-silber-1.jpg 1838w, https:\/\/weimarkamin.de\/erfurt\/wp-content\/uploads\/sites\/16\/2016\/02\/fire-girl-silber-1-201x300.jpg 201w, https:\/\/weimarkamin.de\/erfurt\/wp-content\/uploads\/sites\/16\/2016\/02\/fire-girl-silber-1-691x1030.jpg 691w, https:\/\/weimarkamin.de\/erfurt\/wp-content\/uploads\/sites\/16\/2016\/02\/fire-girl-silber-1-101x150.jpg 101w\" sizes=\"(max-width: 1838px) 100vw, 1838px\" title=\"fire-girl-silber\" alt=\"\" \t\tclass=\"so-widget-image\"\/>\n\t<\/div>\n\n<\/div><\/div><\/div><\/div><\/div><div id=\"pg-26-2\"  class=\"panel-grid panel-no-style\" ><div id=\"pgc-26-2-0\"  class=\"panel-grid-cell\" ><div id=\"panel-26-2-0-0\" class=\"so-panel widget widget_text panel-first-child panel-last-child\" data-index=\"4\" >\t\t\t<div class=\"textwidget\"><div class=\"su-animate\" style=\"opacity:0;-webkit-animation-duration:2s;-webkit-animation-delay:0s;animation-duration:2s;animation-delay:0s;\" data-animation=\"bounceInLeft\" data-duration=\"2\" data-delay=\"0\">\n<div class=\"su-row fliegendeboxen\">\n<div class=\"su-column su-column-size-1-4\"><div class=\"su-column-inner su-u-clearfix su-u-trim\">\n<h2><a title=\"Kamin\u00f6fen mit Holzbrand\" href=\"https:\/\/weimarkamin.de\/kaminoefen\/holzkaminoefen\/\">Kamin\u00f6fen<br \/>mit Holzbrand<\/a><\/h2>\n\n<a href=\"https:\/\/weimarkamin.de\/kaminoefen\/holzkaminoefen\/\" class=\"su-button su-button-style-soft\" style=\"color:#FFFFFF;background-color:#961501;border-color:#781101;border-radius:5px\" target=\"_self\"><span style=\"color:#FFFFFF;padding:6px 18px;font-size:14px;line-height:21px;border-color:#b65c4e;border-radius:5px;text-shadow:none\"><i class=\"sui sui-arrow-right\" style=\"font-size:14px;color:#FFFFFF\"><\/i> Mehr erfahren<\/span><\/a>\n<\/div><\/div>\n<div class=\"su-column su-column-size-1-4\"><div class=\"su-column-inner su-u-clearfix su-u-trim\">\n<h2><a title=\"Kamin\u00f6fen mit Pelletbrand\" href=\"https:\/\/weimarkamin.de\/kaminoefen\/pelletkaminoefen\/\">Kamin\u00f6fen mit Pelletbrand<\/a><\/h2>\n\n<a href=\"https:\/\/weimarkamin.de\/kaminoefen\/pelletkaminoefen\/\" class=\"su-button su-button-style-soft\" style=\"color:#FFFFFF;background-color:#961501;border-color:#781101;border-radius:5px\" target=\"_self\"><span style=\"color:#FFFFFF;padding:6px 18px;font-size:14px;line-height:21px;border-color:#b65c4e;border-radius:5px;text-shadow:none\"><i class=\"sui sui-arrow-right\" style=\"font-size:14px;color:#FFFFFF\"><\/i> Mehr erfahren<\/span><\/a>\n<\/div><\/div>\n<div class=\"su-column su-column-size-1-4\"><div class=\"su-column-inner su-u-clearfix su-u-trim\">\n<h2><a title=\"Kamin\u00f6fen mit Gasbrand\" href=\"https:\/\/weimarkamin.de\/kaminoefen\/gaskaminofen\/\">Kamin\u00f6fen<br \/>mit Gasbrand<\/a><\/h2>\n\n<a href=\"https:\/\/weimarkamin.de\/kaminoefen\/gaskaminofen\/\" class=\"su-button su-button-style-soft\" style=\"color:#FFFFFF;background-color:#961501;border-color:#781101;border-radius:5px\" target=\"_self\"><span style=\"color:#FFFFFF;padding:6px 18px;font-size:14px;line-height:21px;border-color:#b65c4e;border-radius:5px;text-shadow:none\"><i class=\"sui sui-arrow-right\" style=\"font-size:14px;color:#FFFFFF\"><\/i> Mehr erfahren<\/span><\/a>\n<\/div><\/div>\n\n<div class=\"su-column su-column-size-1-4\"><div class=\"su-column-inner su-u-clearfix su-u-trim\">\n<h2><a title=\"Wasserf\u00fchrende Kamin\u00f6fen\" href=\"https:\/\/weimarkamin.de\/kaminoefen\/wasserfuehrende-kaminoefen\/\">Wasserf\u00fchrende Kamin\u00f6fen<\/a><\/h2>\n\n<a href=\"https:\/\/weimarkamin.de\/kaminoefen\/wasserfuehrende-kaminoefen\/\" class=\"su-button su-button-style-soft\" style=\"color:#FFFFFF;background-color:#961501;border-color:#781101;border-radius:5px\" target=\"_self\"><span style=\"color:#FFFFFF;padding:6px 18px;font-size:14px;line-height:21px;border-color:#b65c4e;border-radius:5px;text-shadow:none\"><i class=\"sui sui-arrow-right\" style=\"font-size:14px;color:#FFFFFF\"><\/i> Mehr erfahren<\/span><\/a><\/div><\/div>\n<\/div>\n<\/div>\n\n<div class=\"su-animate\" style=\"opacity:0;-webkit-animation-duration:2s;-webkit-animation-delay:0s;animation-duration:2s;animation-delay:0s;\" data-animation=\"bounceInRight\" data-duration=\"2\" data-delay=\"0\">\n<div class=\"su-row fliegendeboxen\">\n\n\n<div class=\"su-column su-column-size-1-4\"><div class=\"su-column-inner su-u-clearfix su-u-trim\"><h2><a title=\"Kamin\u00f6fen mit Zusatzfunktion\" href=\"https:\/\/weimarkamin.de\/kaminoefen\/kaminoefen-mit-zusatzfunktion\/\">Kamin\u00f6fen mit Zusatzfunktion<\/a><\/h2>\n\n<a href=\"https:\/\/weimarkamin.de\/kaminoefen\/kaminoefen-mit-zusatzfunktion\/\" class=\"su-button su-button-style-soft\" style=\"color:#FFFFFF;background-color:#961501;border-color:#781101;border-radius:5px\" target=\"_self\"><span style=\"color:#FFFFFF;padding:6px 18px;font-size:14px;line-height:21px;border-color:#b65c4e;border-radius:5px;text-shadow:none\"><i class=\"sui sui-arrow-right\" style=\"font-size:14px;color:#FFFFFF\"><\/i> Mehr erfahren<\/span><\/a>\n<\/div><\/div>\n\n<div class=\"su-column su-column-size-1-4\"><div class=\"su-column-inner su-u-clearfix su-u-trim\">\n<h2><a title=\"Kamin\u00f6fen mit Speicherw\u00e4rme\" href=\"https:\/\/weimarkamin.de\/kaminoefen\/speicherwaerme\/\">Kamin\u00f6fen mit Speicherw\u00e4rme<\/a><\/h2>\n\n<a href=\"https:\/\/weimarkamin.de\/kaminoefen\/speicherwaerme\/\" class=\"su-button su-button-style-soft\" style=\"color:#FFFFFF;background-color:#961501;border-color:#781101;border-radius:5px\" target=\"_self\"><span style=\"color:#FFFFFF;padding:6px 18px;font-size:14px;line-height:21px;border-color:#b65c4e;border-radius:5px;text-shadow:none\"><i class=\"sui sui-arrow-right\" style=\"font-size:14px;color:#FFFFFF\"><\/i> Mehr erfahren<\/span><\/a>\n<\/div><\/div>\n\n<div class=\"su-column su-column-size-1-4\"><div class=\"su-column-inner su-u-clearfix su-u-trim\">\n<h2><a title=\"Kombi\u00f6fen MIx\" href=\"https:\/\/weimarkamin.de\/kaminoefen\/kombioefen-mix\/\">Kamin\u00f6fen mit Holz- &amp; Pelletbrand<\/a><\/h2>\n\n<a href=\"https:\/\/weimarkamin.de\/kaminoefen\/kombioefen-mix\/\" class=\"su-button su-button-style-soft\" style=\"color:#FFFFFF;background-color:#961501;border-color:#781101;border-radius:5px\" target=\"_self\"><span style=\"color:#FFFFFF;padding:6px 18px;font-size:14px;line-height:21px;border-color:#b65c4e;border-radius:5px;text-shadow:none\"><i class=\"sui sui-arrow-right\" style=\"font-size:14px;color:#FFFFFF\"><\/i> Mehr erfahren<\/span><\/a>\n<\/div><\/div>\n<div class=\"su-column su-column-size-1-4\"><div class=\"su-column-inner su-u-clearfix su-u-trim\">\n<h2><a title=\"Kachel\u00f6fen\" href=\"https:\/\/weimarkamin.de\/kaminoefen\/kacheloefen\/\">Kamin\u00f6fen mit Kachelbesatz<\/a><\/h2>\n\n<a href=\"https:\/\/weimarkamin.de\/kaminoefen\/kacheloefen\/\" class=\"su-button su-button-style-soft\" style=\"color:#FFFFFF;background-color:#961501;border-color:#781101;border-radius:5px\" target=\"_self\"><span style=\"color:#FFFFFF;padding:6px 18px;font-size:14px;line-height:21px;border-color:#b65c4e;border-radius:5px;text-shadow:none\"><i class=\"sui sui-arrow-right\" style=\"font-size:14px;color:#FFFFFF\"><\/i> Mehr erfahren<\/span><\/a><\/div><\/div>\n<\/div>\n<\/div>\n\n<div class=\"su-animate\" style=\"opacity:0;-webkit-animation-duration:2s;-webkit-animation-delay:0s;animation-duration:2s;animation-delay:0s;\" data-animation=\"bounceInLeft\" data-duration=\"2\" data-delay=\"0\">\n<div class=\"su-row fliegendeboxen\">\n\n\n<div class=\"su-column su-column-size-1-4\"><div class=\"su-column-inner su-u-clearfix su-u-trim\">\n<h2><a title=\"Kamin\u00f6fen \/ Dual-Feuer\" href=\"https:\/\/weimarkamin.de\/kaminoefen\/holz-dual-feuer\/\">Dual-Feuer-\u00d6fen<\/a><\/h2>\n\n<a href=\"https:\/\/weimarkamin.de\/kaminoefen\/holz-dual-feuer\/\" class=\"su-button su-button-style-soft\" style=\"color:#FFFFFF;background-color:#961501;border-color:#781101;border-radius:5px\" target=\"_self\"><span style=\"color:#FFFFFF;padding:6px 18px;font-size:14px;line-height:21px;border-color:#b65c4e;border-radius:5px;text-shadow:none\"><i class=\"sui sui-arrow-right\" style=\"font-size:14px;color:#FFFFFF\"><\/i> Mehr erfahren<\/span><\/a>\n<\/div><\/div>\n\n<div class=\"su-column su-column-size-1-4\"><div class=\"su-column-inner su-u-clearfix su-u-trim\">\n<h2><a title=\"Unikatkamin\u00f6fen\" href=\"https:\/\/weimarkamin.de\/kaminoefen\/unikatkaminoefen\/\">Unikatkamin\u00f6fen<\/a><\/h2>\n\n<a href=\"https:\/\/weimarkamin.de\/kaminoefen\/unikatkaminoefen\/\" class=\"su-button su-button-style-soft\" style=\"color:#FFFFFF;background-color:#961501;border-color:#781101;border-radius:5px\" target=\"_self\"><span style=\"color:#FFFFFF;padding:6px 18px;font-size:14px;line-height:21px;border-color:#b65c4e;border-radius:5px;text-shadow:none\"><i class=\"sui sui-arrow-right\" style=\"font-size:14px;color:#FFFFFF\"><\/i> Mehr erfahren<\/span><\/a><\/div><\/div>\n\n<div class=\"su-column su-column-size-1-4\"><div class=\"su-column-inner su-u-clearfix su-u-trim\"><h2><a title=\"Werkstatt\u00f6fen\" href=\"https:\/\/weimarkamin.de\/kaminoefen\/werkstattoefen\/\">Werkstatt\u00f6fen<\/a><\/h2>\n\n<a href=\"https:\/\/weimarkamin.de\/kaminoefen\/werkstattoefen\/\" class=\"su-button su-button-style-soft\" style=\"color:#FFFFFF;background-color:#961501;border-color:#781101;border-radius:5px\" target=\"_self\"><span style=\"color:#FFFFFF;padding:6px 18px;font-size:14px;line-height:21px;border-color:#b65c4e;border-radius:5px;text-shadow:none\"><i class=\"sui sui-arrow-right\" style=\"font-size:14px;color:#FFFFFF\"><\/i> Mehr erfahren<\/span><\/a>\n<\/div><\/div>\n\n<div class=\"su-column su-column-size-1-4 nichts\"><div class=\"su-column-inner su-u-clearfix su-u-trim\">\n\n<\/div><\/div>\n<\/div>\n<\/div>\n<div class=\"su-spacer\" style=\"height:40px\"><\/div>\n<span class='schriftzug'><strong>ERFURTKAMIN<\/strong><\/span><br \/>\n...macht warm um's Herz.<\/div>\n\t\t<\/div><\/div><\/div><\/div>","protected":false},"excerpt":{"rendered":"<p>ERFURTKAMIN powered by WEIMARKAMINSehr geehrte Damen und Herren, liebe Feuerfreunde!Bei uns steht Ihnen ein sehr umfangreiches Sortiment an Kamin\u00f6fen mit allen denkbaren Designs zur Verf\u00fcgung und sollte Ihr Modell dann immer noch nicht dabei sein, gestalten Sie die Fassade Ihres Kaminofens einfach selbst.Dar\u00fcberhinaus finden Sie bei unseren Produkten verschiedene technische\u2026<\/p>\n<p> <a class=\"continue-reading-link\" href=\"https:\/\/weimarkamin.de\/erfurt\/kaminoefen\/\"><span>Continue reading<\/span><i class=\"crycon-right-dir\"><\/i><\/a> <\/p>\n","protected":false},"author":1,"featured_media":0,"parent":0,"menu_order":0,"comment_status":"closed","ping_status":"closed","template":"","meta":{"footnotes":""},"class_list":["post-26","page","type-page","status-publish","hentry"],"_links":{"self":[{"href":"https:\/\/weimarkamin.de\/erfurt\/wp-json\/wp\/v2\/pages\/26","targetHints":{"allow":["GET"]}}],"collection":[{"href":"https:\/\/weimarkamin.de\/erfurt\/wp-json\/wp\/v2\/pages"}],"about":[{"href":"https:\/\/weimarkamin.de\/erfurt\/wp-json\/wp\/v2\/types\/page"}],"author":[{"embeddable":true,"href":"https:\/\/weimarkamin.de\/erfurt\/wp-json\/wp\/v2\/users\/1"}],"replies":[{"embeddable":true,"href":"https:\/\/weimarkamin.de\/erfurt\/wp-json\/wp\/v2\/comments?post=26"}],"version-history":[{"count":3,"href":"https:\/\/weimarkamin.de\/erfurt\/wp-json\/wp\/v2\/pages\/26\/revisions"}],"predecessor-version":[{"id":3538,"href":"https:\/\/weimarkamin.de\/erfurt\/wp-json\/wp\/v2\/pages\/26\/revisions\/3538"}],"wp:attachment":[{"href":"https:\/\/weimarkamin.de\/erfurt\/wp-json\/wp\/v2\/media?parent=26"}],"curies":[{"name":"wp","href":"https:\/\/api.w.org\/{rel}","templated":true}]}}