{"id":196,"date":"2016-02-23T19:54:24","date_gmt":"2016-02-23T18:54:24","guid":{"rendered":"https:\/\/weimarkamin.de\/erfurt\/?page_id=196"},"modified":"2021-03-16T16:03:38","modified_gmt":"2021-03-16T15:03:38","slug":"startseite","status":"publish","type":"page","link":"https:\/\/weimarkamin.de\/erfurt\/","title":{"rendered":"Startseite"},"content":{"rendered":"<div id=\"pl-196\"  class=\"panel-layout\" ><div id=\"pg-196-0\"  class=\"panel-grid panel-no-style\" ><div id=\"pgc-196-0-0\"  class=\"panel-grid-cell\" ><div id=\"panel-196-0-0-0\" class=\"widget_text so-panel widget widget_custom_html panel-first-child panel-last-child\" data-index=\"0\" ><div class=\"textwidget custom-html-widget\"><div class=\"su-row fajro-startseite\">\n<div class=\"su-column su-column-size-1-4\"><div class=\"su-column-inner su-u-clearfix su-u-trim\"><a href=\"https:\/\/weimarkamin.de\/beratung\/\" rel=\"attachment wp-att-424\"><img loading=\"lazy\" decoding=\"async\" class=\"alignnone size-full wp-image-424\" src=\"https:\/\/weimarkamin.de\/wp-content\/uploads\/2016\/03\/fajro_beratung-260.png\" alt=\"Fajro Beratung\" width=\"200\" height=\"200\" srcset=\"https:\/\/weimarkamin.de\/erfurt\/wp-content\/uploads\/sites\/16\/2016\/03\/fajro_beratung-260.png 263w, https:\/\/weimarkamin.de\/erfurt\/wp-content\/uploads\/sites\/16\/2016\/03\/fajro_beratung-260-80x80.png 80w, https:\/\/weimarkamin.de\/erfurt\/wp-content\/uploads\/sites\/16\/2016\/03\/fajro_beratung-260-150x150.png 150w\" sizes=\"auto, (max-width: 200px) 100vw, 200px\" \/><\/a>\n<h3><a href=\"https:\/\/weimarkamin.de\/beratung\/\">Beratung<\/a><\/h3>\n<\/div><\/div>\n<div class=\"su-column su-column-size-1-4\"><div class=\"su-column-inner su-u-clearfix su-u-trim\"><a href=\"mailto:info@weimarkamin.de\" target=\"_blank\"><img loading=\"lazy\" decoding=\"async\" class=\"alignnone size-full wp-image-426\" src=\"https:\/\/weimarkamin.de\/wp-content\/uploads\/2016\/03\/fajro_post-260.png\" alt=\"Fajro Email\" width=\"200\" height=\"200\" srcset=\"https:\/\/weimarkamin.de\/erfurt\/wp-content\/uploads\/sites\/16\/2016\/03\/fajro_post-260.png 263w, https:\/\/weimarkamin.de\/erfurt\/wp-content\/uploads\/sites\/16\/2016\/03\/fajro_post-260-80x80.png 80w, https:\/\/weimarkamin.de\/erfurt\/wp-content\/uploads\/sites\/16\/2016\/03\/fajro_post-260-150x150.png 150w\" sizes=\"auto, (max-width: 200px) 100vw, 200px\" \/><\/a>\n<h3><a href=\"mailto:info@weimarkamin.de\" target=\"_blank\">Email<\/a><\/h3>\n<\/div><\/div>\n<div class=\"su-column su-column-size-1-4\"><div class=\"su-column-inner su-u-clearfix su-u-trim\"><a href=\"https:\/\/weimarkamin.de\/kontakt\/\" rel=\"attachment wp-att-427\"><img loading=\"lazy\" decoding=\"async\" class=\"alignnone size-full wp-image-427\" src=\"https:\/\/weimarkamin.de\/wp-content\/uploads\/2016\/03\/fajro_telefon-260.png\" alt=\"Fajro Telefon\" width=\"200\" height=\"200\" srcset=\"https:\/\/weimarkamin.de\/erfurt\/wp-content\/uploads\/sites\/16\/2016\/03\/fajro_telefon-260.png 263w, https:\/\/weimarkamin.de\/erfurt\/wp-content\/uploads\/sites\/16\/2016\/03\/fajro_telefon-260-80x80.png 80w, https:\/\/weimarkamin.de\/erfurt\/wp-content\/uploads\/sites\/16\/2016\/03\/fajro_telefon-260-150x150.png 150w\" sizes=\"auto, (max-width: 200px) 100vw, 200px\" \/><\/a>\n<h3>03643 &#8211; 49 68 10<\/h3>\n<h3>0151 &#8211; 22 70 8700<\/h3>\n<\/div><\/div>\n<div class=\"su-column su-column-size-1-4\"><div class=\"su-column-inner su-u-clearfix su-u-trim\"><a href=\"https:\/\/weimarkamin.de\/sonderangebote\/\"><img loading=\"lazy\" decoding=\"async\" class=\"alignnone wp-image-531\" src=\"https:\/\/weimarkamin.de\/wp-content\/uploads\/2016\/03\/fajro_euro-383-300x300.png\" alt=\"Fajro Euro\" width=\"200\" height=\"200\" srcset=\"https:\/\/weimarkamin.de\/erfurt\/wp-content\/uploads\/sites\/16\/2016\/03\/fajro_euro-383-300x300.png 300w, https:\/\/weimarkamin.de\/erfurt\/wp-content\/uploads\/sites\/16\/2016\/03\/fajro_euro-383-80x80.png 80w, https:\/\/weimarkamin.de\/erfurt\/wp-content\/uploads\/sites\/16\/2016\/03\/fajro_euro-383-150x150.png 150w, https:\/\/weimarkamin.de\/erfurt\/wp-content\/uploads\/sites\/16\/2016\/03\/fajro_euro-383.png 383w\" sizes=\"auto, (max-width: 200px) 100vw, 200px\" \/><\/a>\n<h3><a href=\"https:\/\/weimarkamin.de\/sonderangebote\/\">Sonderangebote<\/a><\/h3>\n<\/div><\/div>\n<\/div>\n<div class=\"su-divider su-divider-style-default\" style=\"margin:15px 0;border-width:1px;border-color:#999999\"><\/div><\/div><\/div><\/div><\/div><div id=\"pg-196-1\"  class=\"panel-grid panel-no-style\" ><div id=\"pgc-196-1-0\"  class=\"panel-grid-cell\" ><div id=\"panel-196-1-0-0\" class=\"widget_text so-panel widget widget_custom_html panel-first-child panel-last-child\" data-index=\"1\" ><div class=\"textwidget custom-html-widget\"><div class=\"display-posts-listing\"><div class=\"listing-item\"><span class=\"title\">Zum Jahresausklang<\/span><div class=\"content\"><div class=\"gb-grid-wrapper gb-grid-wrapper-a21b5b22\">\n<div class=\"gb-grid-column gb-grid-column-163189c9\"><div class=\"gb-container gb-container-163189c9\"><div class=\"gb-inside-container\"><\/div><\/div><\/div>\n<\/div>\n\n\n<p><span class=\"stk-highlight\" style=\"color: #ff6900;\"><strong><br>WICHTIGE HINWEISE !<\/strong><\/span><\/p>\n\n\n\n<p><strong>Aktuell gelten bei uns NICHT die offiziellen \u00d6ffnungszeiten.<\/strong><br><strong><br>Beratungstermine werden ausschlie\u00dflich nach pers\u00f6nlicher Vereinbarung in unserer Gesch\u00e4ftsstelle oder an Ihrem Projekt- Standort durchgef\u00fchrt. Bitte senden Sie uns daf\u00fcr eine E- Mail mit Ihren Kontaktdaten sowie Ihrem Anliegen. <\/strong><br><strong>Die Bearbeitung erfolgt dann umgehend<\/strong> <strong>durch einen unserer Mitarbeiter.<\/strong><\/p>\n\n\n\n<p>Selbstverst\u00e4ndlich stehen Ihnen unsere Dienstleistungen sowie unser umfangreiches Produkt- Portfolio aller Sparten wie gehabt zur Verf\u00fcgung.<\/p>\n\n\n\n<p><strong>Vielen Dank f\u00fcr Ihr Verst\u00e4ndnis<\/strong>.<\/p>\n<\/div><\/div><\/div><\/div><\/div><\/div><\/div><div id=\"pg-196-2\"  class=\"panel-grid panel-no-style\" ><div id=\"pgc-196-2-0\"  class=\"panel-grid-cell\" ><div id=\"panel-196-2-0-0\" class=\"so-panel widget widget_text panel-first-child panel-last-child\" data-index=\"2\" >\t\t\t<div class=\"textwidget\"><div class=\"su-divider su-divider-style-default\" style=\"margin:15px 0;border-width:1px;border-color:#999999\"><\/div>\n<\/div>\n\t\t<\/div><\/div><\/div><div id=\"pg-196-3\"  class=\"panel-grid panel-no-style\" ><div id=\"pgc-196-3-0\"  class=\"panel-grid-cell\" ><div id=\"panel-196-3-0-0\" class=\"so-panel widget widget_sow-editor panel-first-child panel-last-child\" data-index=\"3\" ><div\n\t\t\t\n\t\t\tclass=\"so-widget-sow-editor so-widget-sow-editor-base\"\n\t\t\t\n\t\t><h2 class=\"widget-title\">Exklusive Feuerst\u00e4tten f\u00fcr die DOMSTADT ERFURT<\/h2>\n<div class=\"siteorigin-widget-tinymce textwidget\">\n\t<p><strong>Sehr geehrte Damen und Herren, liebe Feuerfreunde!<\/strong><\/p>\n<p>Unser Unternehmen ist seit vielen Jahren erfolgreich beim Bau und Vertrieb von Feuerst\u00e4tten aller Art nicht nur in Weimar t\u00e4tig, unsere bisherigen Auftraggeber kommen aus ganz Th\u00fcringen und verschiedenen anderen Bundesl\u00e4nder.<br \/>\nQualit\u00e4t und Zuverl\u00e4ssigkeit werden gerne weiter empfohlen und so konnten wir in den vergangenen Jahren unseren Wirkungskreis \u00fcber die Landesgrenzen hinaus erweitern.<\/p>\n<p>Dabei stellen wir unserer Kundschaft ein umfangreiches Sortiment in den Segmenten Kamine, Kamin\u00f6fen, Herde mit zus\u00e4tzlichem Betrieb aus nachwachsenden Rohstoffen, moderne Heiztechnik, Gartenkamine und Gartenfeuer sowie leistungsf\u00e4hige Back\u00f6fen mit den unterschiedlichsten Brennstoff- bzw. Betriebs- Varianten zur Verf\u00fcgung.<\/p>\n<p><strong>Individueller Kaminbau und Schornsteinbau, fach- &amp; termingerecht ausgef\u00fchrt, wurde bei uns innerhalb unseres<br \/>\nDienstleistungsangebotes in den letzten <\/strong><strong>29 Jahren zur Perfektion gebracht.<\/strong><\/p>\n<p>Brennstoffe wie Scheitholz, Holz- Pellets, Erd- und Propangas, Strom sowie Bio- Ethanol stehen Ihnen bei unseren vielf\u00e4ltigen Feuertst\u00e4tten und Heizger\u00e4ten als Energielieferanten zur Verf\u00fcgung.<\/p>\n<p>Der europ\u00e4ische Wirtschaftsraum spiegelt sich bei uns durch unsere namhaften nationalen und internationalen Produkt- Geber und\/ oder Hersteller wieder und so verf\u00fcgen wir \u00fcber ein Produktportfolio, was keine W\u00fcnsche offen l\u00e4sst.<\/p>\n<p><strong><span class=\"schrift-orange\" style=\"color: #990000;\">Die Wertsch\u00f6pfung aus\u00a0 ca. 1.800 bereits erfolgreich realisierten Projekte und unsere 29- j\u00e4hrige Berufserfahrung - <\/span><br \/>\n<span class=\"schrift-orange\" style=\"color: #990000;\">Ihr Garant f\u00fcr eine gemeinsame, erfolgreiche Umsetzung Ihres geplanten Vorhabens.<\/span><br \/>\n<\/strong><\/p>\n<p>Deshalb m\u00f6chten wir auch Ihnen unser Angebot n\u00e4her zu bringen, Ihr Vorhaben ist der Motor unseres Handelns und Verpflichtung zugleich, dieses perfekt f\u00fcr Sie umzusetzen.<\/p>\n<p>Beginnend mit der gemeinsamen Planung, \u00fcber die gemeinsame Produktfindung bis zum ersten Flammspiel, aber auch danach bei einer Wartung oder Produktmodulneuerung, wir m\u00f6chten Sie sprichw\u00f6rtlich \"an die Hand\" nehmen und Ihnen ein kompetenter Partner sein.<\/p>\n<p>Denn Service am Kunden ist bei uns Selbstverst\u00e4ndlichkeit und so haben wir es geschafft, zu fast 30 Prozent auf Empfehlungsbasis zufriedener Kunden zu arbeiten und das soll auch das Leitmotiv\u00a0 f\u00fcr unsere zuk\u00fcnftige Arbeit sein.<\/p>\n<p><strong>Kamin-\/ Ofen- und Schornsteinbau: Unsere Spezialisten mit ihrer langj\u00e4hrigen Berufserfahrung unterst\u00fctzen Sie bei der Planung und Realisierung Ihres Projektes und sind f\u00fcr Sie auch nachhaltig als technische Servicedienstleister Ihr kompetenter Ansprechpartner<\/strong><strong>.<br \/>\n<\/strong><br \/>\nWir verstehen uns als das professionelle Bindeglied zwischen Bauherrn, Architekten oder Bautr\u00e4ger sowie den anderen Gewerken mit baubegleitender Beratung und Betreuung sein.<br \/>\n<div class=\"su-row\"><div class=\"su-column su-column-size-1-2 startseite-liste\"><div class=\"su-column-inner su-u-clearfix su-u-trim\"><br \/>\n<div class=\"su-animate\" style=\"opacity:0;-webkit-animation-duration:1.5s;-webkit-animation-delay:0.5s;animation-duration:1.5s;animation-delay:0.5s;\" data-animation=\"fadeInLeft\" data-duration=\"1.5\" data-delay=\"0.5\"><br \/>\n<strong><span class='schriftzug'><strong>ERFURTKAMIN<\/strong><\/span> &#8211; Unser Angebot f\u00fcr Sie auf einen Blick<\/strong><br \/>\n<div class=\"su-list\" style=\"margin-left:0px\"><\/p>\n<ul>\n<li><i class=\"sui sui-check\" style=\"color:#1cb20d\"><\/i> <strong>Expertenwissen aus 29 Jahren Berufserfahrung<\/strong><\/li>\n<li><i class=\"sui sui-check\" style=\"color:#1cb20d\"><\/i> <strong>Wertsch\u00f6pfung aus ca. 1.800 realisierten Projekten<\/strong><\/li>\n<li><i class=\"sui sui-check\" style=\"color:#1cb20d\"><\/i> <strong>Fachgerechter Kamin- &amp; Schornsteinbau<\/strong><\/li>\n<li><i class=\"sui sui-check\" style=\"color:#1cb20d\"><\/i> <strong>Umfangreiches Angebot aller Kamin- &amp; Heiz-Sparten<\/strong><\/li>\n<li><i class=\"sui sui-check\" style=\"color:#1cb20d\"><\/i> <strong>Umweltfreundliche Heiztechnik f\u00fcr Ihre Immobilie<\/strong><\/li>\n<li><i class=\"sui sui-check\" style=\"color:#1cb20d\"><\/i> <strong>Namhafte Hersteller aus Deutschland und Europa<\/strong><\/li>\n<li><i class=\"sui sui-check\" style=\"color:#1cb20d\"><\/i> <strong>Professionelle Planung, Beratung &amp; Umsetzung<\/strong><\/li>\n<li><i class=\"sui sui-check\" style=\"color:#1cb20d\"><\/i> <strong>Direkt- Kommunikation mit Ihrem Bautr\u00e4ger<\/strong><\/li>\n<li><i class=\"sui sui-check\" style=\"color:#1cb20d\"><\/i> <strong>Bei Bedarf: Fachwissen durch Heizungsmonteur<\/strong><\/li>\n<li><i class=\"sui sui-check\" style=\"color:#1cb20d\"><\/i> <strong>Auswahl an Brennstoffen und Zubeh\u00f6r<\/strong><\/li>\n<li><i class=\"sui sui-check\" style=\"color:#1cb20d\"><\/i> <strong>Ausstellung mit unterschiedlichen Vorf\u00fchrger\u00e4ten<\/strong><\/li>\n<li><i class=\"sui sui-check\" style=\"color:#1cb20d\"><\/i> <strong>Informationen zur Nutzung staatlicher F\u00f6rderungen<\/strong><\/li>\n<li><i class=\"sui sui-check\" style=\"color:#1cb20d\"><\/i> <strong>Wissenswertes &amp; Faktisches rund um die Heiztechnik<\/strong><\/li>\n<li><i class=\"sui sui-check\" style=\"color:#1cb20d\"><\/i> <strong>Technischer- &amp; Reparatur- Service in Ihrer N\u00e4he<\/strong><\/li>\n<li><i class=\"sui sui-check\" style=\"color:#1cb20d\"><\/i> <strong>Projekt- Finanzierungsm\u00f6glichkeiten<\/strong><\/li>\n<li><i class=\"sui sui-check\" style=\"color:#1cb20d\"><\/i> <strong>Bargeld f\u00fcr qualifizierte Empfehlungen<\/strong><\/li>\n<\/ul>\n<p>Die Liebe zum Feuer wollen wir Ihnen durch unsere Angebote in den jeweiligen Kategorien und durch unsere kundenorientierten Dienstleistungen n\u00e4her bringen.<\/p>\n<p>Bei uns kommen alle Liebhaber des Ur- Elements Feuer mit Sicherheit auf Ihre Kosten.<\/div><\/div><\/div><\/div><div class=\"su-column su-column-size-1-2\"><div class=\"su-column-inner su-u-clearfix su-u-trim\"><div class=\"su-animate\" style=\"opacity:0;-webkit-animation-duration:1.5s;-webkit-animation-delay:0.5s;animation-duration:1.5s;animation-delay:0.5s;\" data-animation=\"fadeInRight\" data-duration=\"1.5\" data-delay=\"0.5\"><img loading=\"lazy\" decoding=\"async\" class=\"alignnone size-full wp-image-995\" src=\"https:\/\/weimarkamin.de\/wp-content\/uploads\/2016\/02\/firegirl-rot-li-600.jpg\" alt=\"Firegirl Weimarkamin\" width=\"600\" height=\"894\" srcset=\"https:\/\/weimarkamin.de\/erfurt\/wp-content\/uploads\/sites\/16\/2016\/02\/firegirl-rot-li-600.jpg 600w, https:\/\/weimarkamin.de\/erfurt\/wp-content\/uploads\/sites\/16\/2016\/02\/firegirl-rot-li-600-201x300.jpg 201w, https:\/\/weimarkamin.de\/erfurt\/wp-content\/uploads\/sites\/16\/2016\/02\/firegirl-rot-li-600-101x150.jpg 101w\" sizes=\"auto, (max-width: 600px) 100vw, 600px\" \/><\/div><\/div><\/div><\/div><br \/>\n<strong>Wir sind in Erfurt und im Raum Th\u00fcringen jederzeit f\u00fcr Sie da. Nutzen Sie unser umfangreiches Dienstleistungsangebot!<\/strong><\/p>\n<hr \/>\n<\/div>\n<\/div><\/div><\/div><\/div><div id=\"pg-196-4\"  class=\"panel-grid panel-no-style\" ><div id=\"pgc-196-4-0\"  class=\"panel-grid-cell\" ><div id=\"panel-196-4-0-0\" class=\"so-panel widget widget_sow-editor panel-first-child\" data-index=\"4\" ><div\n\t\t\t\n\t\t\tclass=\"so-widget-sow-editor so-widget-sow-editor-base\"\n\t\t\t\n\t\t>\n<div class=\"siteorigin-widget-tinymce textwidget\">\n\t<p><span class='schriftzug'><strong>ERFURTKAMIN<\/strong><\/span>...macht warm um's Herz.<\/p>\n<p><strong>Sie haben alternativ die M\u00f6glichkeit, sich direkt \u00fcber den unten stehenden Button einen <span style=\"color: #990000;\">kompletten \u00dcberblick<\/span> \u00fcber unser<br \/>\numfangreiches Produkt- und Dienstleistungsangebot zu verschaffen. Nehmen Sie Einsicht in unsere Referenzen, informieren Sie sich \u00fcber aktuelle Sonderangebote, Produkt- Neuigkeiten unserer europ\u00e4ischen Lieferanten und vieles mehr.<\/strong><\/p>\n<p><strong>Wir w\u00fcnschen Ihnen feuriges Vergn\u00fcgen!<\/strong><\/p>\n<\/div>\n<\/div><\/div><div id=\"panel-196-4-0-1\" class=\"so-panel widget widget_sow-button panel-last-child\" data-index=\"5\" ><div\n\t\t\t\n\t\t\tclass=\"so-widget-sow-button so-widget-sow-button-atom-e8f6a517e747-196\"\n\t\t\t\n\t\t><div class=\"ow-button-base ow-button-align-center\"\n>\n\t\t\t<a\n\t\t\t\t\thref=\"https:\/\/weimarkamin.de\/\"\n\t\t\t\t\tclass=\"sowb-button ow-icon-placement-left ow-button-hover\" \t>\n\t\t<span>\n\t\t\t\n\t\t\tMit einem Klick zu WEIMARKAMIN\t\t<\/span>\n\t\t\t<\/a>\n\t<\/div>\n<\/div><\/div><\/div><\/div><\/div>","protected":false},"excerpt":{"rendered":"<p>Beratung Email 03643 &#8211; 49 68 10 0151 &#8211; 22 70 8700 Sonderangebote Zum Jahresausklang WICHTIGE HINWEISE ! Aktuell gelten bei uns NICHT die offiziellen \u00d6ffnungszeiten.Beratungstermine werden ausschlie\u00dflich nach pers\u00f6nlicher Vereinbarung in unserer Gesch\u00e4ftsstelle oder an Ihrem Projekt- Standort durchgef\u00fchrt. Bitte senden Sie uns daf\u00fcr eine E- Mail mit Ihren\u2026<\/p>\n<p> <a class=\"continue-reading-link\" href=\"https:\/\/weimarkamin.de\/erfurt\/\"><span>Continue reading<\/span><i class=\"crycon-right-dir\"><\/i><\/a> <\/p>\n","protected":false},"author":1,"featured_media":0,"parent":0,"menu_order":0,"comment_status":"closed","ping_status":"closed","template":"","meta":{"footnotes":""},"class_list":["post-196","page","type-page","status-publish","hentry"],"_links":{"self":[{"href":"https:\/\/weimarkamin.de\/erfurt\/wp-json\/wp\/v2\/pages\/196","targetHints":{"allow":["GET"]}}],"collection":[{"href":"https:\/\/weimarkamin.de\/erfurt\/wp-json\/wp\/v2\/pages"}],"about":[{"href":"https:\/\/weimarkamin.de\/erfurt\/wp-json\/wp\/v2\/types\/page"}],"author":[{"embeddable":true,"href":"https:\/\/weimarkamin.de\/erfurt\/wp-json\/wp\/v2\/users\/1"}],"replies":[{"embeddable":true,"href":"https:\/\/weimarkamin.de\/erfurt\/wp-json\/wp\/v2\/comments?post=196"}],"version-history":[{"count":5,"href":"https:\/\/weimarkamin.de\/erfurt\/wp-json\/wp\/v2\/pages\/196\/revisions"}],"predecessor-version":[{"id":3699,"href":"https:\/\/weimarkamin.de\/erfurt\/wp-json\/wp\/v2\/pages\/196\/revisions\/3699"}],"wp:attachment":[{"href":"https:\/\/weimarkamin.de\/erfurt\/wp-json\/wp\/v2\/media?parent=196"}],"curies":[{"name":"wp","href":"https:\/\/api.w.org\/{rel}","templated":true}]}}