{"id":115,"date":"2016-02-17T15:38:19","date_gmt":"2016-02-17T14:38:19","guid":{"rendered":"https:\/\/weimarkamin.de\/erfurt\/?page_id=115"},"modified":"2017-05-09T15:29:10","modified_gmt":"2017-05-09T13:29:10","slug":"heiztechnik","status":"publish","type":"page","link":"https:\/\/weimarkamin.de\/erfurt\/heiztechnik\/","title":{"rendered":"Heiztechnik"},"content":{"rendered":"<div id=\"pl-115\"  class=\"panel-layout\" ><div id=\"pg-115-0\"  class=\"panel-grid panel-no-style\" ><div id=\"pgc-115-0-0\"  class=\"panel-grid-cell\" ><div id=\"panel-115-0-0-0\" class=\"so-panel widget widget_sow-image panel-first-child\" data-index=\"0\" ><div\n\t\t\t\n\t\t\tclass=\"so-widget-sow-image so-widget-sow-image-default-a258e6bfa2d8-115\"\n\t\t\t\n\t\t>\n<div class=\"sow-image-container\">\n\t\t<img \n\tsrc=\"https:\/\/weimarkamin.de\/erfurt\/wp-content\/uploads\/sites\/16\/2016\/02\/EK-Herz.jpg\" width=\"2100\" height=\"700\" srcset=\"https:\/\/weimarkamin.de\/erfurt\/wp-content\/uploads\/sites\/16\/2016\/02\/EK-Herz.jpg 2100w, https:\/\/weimarkamin.de\/erfurt\/wp-content\/uploads\/sites\/16\/2016\/02\/EK-Herz-300x100.jpg 300w, https:\/\/weimarkamin.de\/erfurt\/wp-content\/uploads\/sites\/16\/2016\/02\/EK-Herz-1030x343.jpg 1030w, https:\/\/weimarkamin.de\/erfurt\/wp-content\/uploads\/sites\/16\/2016\/02\/EK-Herz-250x83.jpg 250w, https:\/\/weimarkamin.de\/erfurt\/wp-content\/uploads\/sites\/16\/2016\/02\/EK-Herz-150x50.jpg 150w\" sizes=\"(max-width: 2100px) 100vw, 2100px\" alt=\"\" \t\tclass=\"so-widget-image\"\/>\n\t<\/div>\n\n<\/div><\/div><div id=\"panel-115-0-0-1\" class=\"so-panel widget panel-last-child\" data-index=\"1\" ><\/div><\/div><\/div><div id=\"pg-115-1\"  class=\"panel-grid panel-has-style\" ><div class=\"panel-row-style panel-row-style-for-115-1\" ><div id=\"pgc-115-1-0\"  class=\"panel-grid-cell\" ><div id=\"panel-115-1-0-0\" class=\"so-panel widget widget_sow-editor panel-first-child panel-last-child\" data-index=\"2\" ><div\n\t\t\t\n\t\t\tclass=\"so-widget-sow-editor so-widget-sow-editor-base\"\n\t\t\t\n\t\t><h2 class=\"widget-title\">Heiztechnik - umweltfreundlich, energieeffizient &amp; optisch ansprechend<\/h2>\n<div class=\"siteorigin-widget-tinymce textwidget\">\n\t<p><span class=\"schriftzug\"><strong>ERFURTKAMIN<\/strong><\/span> powered by <span class=\"schriftzug\"><strong>WEIMARKAMIN<\/strong><\/span><\/p>\n<p><strong>Sehr geehrte Damen und Herren, liebe Feuerfreunde!<\/strong><\/p>\n<p>Bekannterma\u00dfen sind unsere Ressoucen aus herk\u00f6mmlichen Energietr\u00e4gern wie \u00d6l oder Gas begrenzt. Deshalb geht der Technologie- Trend vern\u00fcnftigerweise in Richtung Energieversorgung aus Wind und Sonne sowie aus schneller nachwachsenden Rohstoffen.<\/p>\n<p>Deutschland nimmt dabei eine Vorreiterrolle ein und f\u00f6rdert alternative Heizsysteme mit staatlichen Verg\u00fcnstigungen, aber auch andere Staaten haben die Zeichen der Zeit erkannt. <br \/>Deshalb forschen die Entwicklungsabteilungen unserer Hersteller in diesem Segment schon seit geraumer Zeit, um ausgefeilte Produkte f\u00fcr den Endverbraucher anzubieten, welche hocheffizient und umweltschonend arbeiten und dabei leicht unter anderem mit modernen Endger\u00e4ten zu bedienen sind.<\/p>\n<p><span class=\"schrift-orange\"><strong>Das Bundesamt f\u00fcr Wirtschaft und Ausfuhrkontrolle\u00a0 (BAFA) f\u00f6rdert eine Investition in solche Anlagen seit dem 15.08.2012 durch deutlich h\u00f6here Zusch\u00fcsse.<\/strong><\/span><\/p>\n<p>Von unserem Unternehmen angebotene Zentralheizungen aber auch Heizkessel mit Scheitholz und\/ oder Pelletbrand arbeiten vollautomatisch, sparsam und haben einen hohen Wirkungsgrad.<\/p>\n<p><strong>Wir bieten Ihnen modernste Heiztechnik von namhaften Herstellern aus Deutschland und Europa auf Basis eben dieser nachwachsenden Rohstoffe an und kl\u00e4ren Sie innerhalb unserer Beratung \u00fcber die Ihnen zustehenden staatlichen F\u00f6rderm\u00f6glichkeiten auf.<br \/><\/strong><br \/> Die langj\u00e4hrige Fachkompetenz unseres Heizungsbauers ist dabei ein wichtiger Baustein bei der Umsetzung Ihres Projektes.<\/p>\n<p>Auf Wunsch erstellen wir Ihnen mit Hilfe unserer fachlichen Profis gerne auch komplette Energiekonzepte f\u00fcr Ihre eigenen 4 W\u00e4nde.<\/p>\n<p><strong>Bitte w\u00e4hlen Sie Sie die von Ihnen gew\u00fcnschte Kategorie aus und erfahren Sie mehr oder vereinbaren Sie direkt von hier mit uns einen <a href=\"https:\/\/weimarkamin.de\/beratung\/\">Beratungstermin<\/a>!<\/strong><\/p>\n<\/div>\n<\/div><\/div><\/div><div id=\"pgc-115-1-1\"  class=\"panel-grid-cell\" ><div id=\"panel-115-1-1-0\" class=\"so-panel widget widget_sow-image panel-first-child panel-last-child\" data-index=\"3\" ><div\n\t\t\t\n\t\t\tclass=\"so-widget-sow-image so-widget-sow-image-default-8b5b6f678277-115\"\n\t\t\t\n\t\t>\n<div class=\"sow-image-container\">\n\t\t<img \n\tsrc=\"https:\/\/weimarkamin.de\/erfurt\/wp-content\/uploads\/sites\/16\/2016\/02\/fire-girl-silber-1.jpg\" width=\"1838\" height=\"2739\" srcset=\"https:\/\/weimarkamin.de\/erfurt\/wp-content\/uploads\/sites\/16\/2016\/02\/fire-girl-silber-1.jpg 1838w, https:\/\/weimarkamin.de\/erfurt\/wp-content\/uploads\/sites\/16\/2016\/02\/fire-girl-silber-1-201x300.jpg 201w, https:\/\/weimarkamin.de\/erfurt\/wp-content\/uploads\/sites\/16\/2016\/02\/fire-girl-silber-1-691x1030.jpg 691w, https:\/\/weimarkamin.de\/erfurt\/wp-content\/uploads\/sites\/16\/2016\/02\/fire-girl-silber-1-101x150.jpg 101w\" sizes=\"(max-width: 1838px) 100vw, 1838px\" title=\"fire-girl-silber\" alt=\"\" \t\tclass=\"so-widget-image\"\/>\n\t<\/div>\n\n<\/div><\/div><\/div><\/div><\/div><div id=\"pg-115-2\"  class=\"panel-grid panel-no-style\" ><div id=\"pgc-115-2-0\"  class=\"panel-grid-cell\" ><div id=\"panel-115-2-0-0\" class=\"so-panel widget widget_text panel-first-child panel-last-child\" data-index=\"4\" >\t\t\t<div class=\"textwidget\"><div class=\"su-spacer\" style=\"height:40px\"><\/div>\n<div class=\"su-animate\" style=\"opacity:0;-webkit-animation-duration:2s;-webkit-animation-delay:0s;animation-duration:2s;animation-delay:0s;\" data-animation=\"bounceInLeft\" data-duration=\"2\" data-delay=\"0\">\n<div class=\"su-row fliegendeboxen\">\n<div class=\"su-column su-column-size-1-3\"><div class=\"su-column-inner su-u-clearfix su-u-trim\">\n<h2><a title=\"Heizkessel - Effektivit\u00e4t - Umweltschutz\" href=\"https:\/\/weimarkamin.de\/heiztechnik\/heizkessel\/\">Heizkessel &#8211; Effektivit\u00e4t &#8211; Umweltschutz<\/a><\/h2>\n\n<a href=\"https:\/\/weimarkamin.de\/heiztechnik\/heizkessel\/\" class=\"su-button su-button-style-soft\" style=\"color:#FFFFFF;background-color:#961501;border-color:#781101;border-radius:5px\" target=\"_self\"><span style=\"color:#FFFFFF;padding:6px 18px;font-size:14px;line-height:21px;border-color:#b65c4e;border-radius:5px;text-shadow:none\"><i class=\"sui sui-arrow-right\" style=\"font-size:14px;color:#FFFFFF\"><\/i> Mehr erfahren<\/span><\/a>\n<\/div><\/div>\n<div class=\"su-column su-column-size-1-3\"><div class=\"su-column-inner su-u-clearfix su-u-trim\">\n<h2><a title=\"Zentralheizungen f\u00fcr den Wohnraum mit Kaminambiente\" href=\"https:\/\/weimarkamin.de\/heiztechnik\/heizzentralen\/\">Zentralheizungen<br \/>mit Kaminambiente<\/a><\/h2>\n\n<a href=\"https:\/\/weimarkamin.de\/heiztechnik\/heizzentralen\/\" class=\"su-button su-button-style-soft\" style=\"color:#FFFFFF;background-color:#961501;border-color:#781101;border-radius:5px\" target=\"_self\"><span style=\"color:#FFFFFF;padding:6px 18px;font-size:14px;line-height:21px;border-color:#b65c4e;border-radius:5px;text-shadow:none\"><i class=\"sui sui-arrow-right\" style=\"font-size:14px;color:#FFFFFF\"><\/i> Mehr erfahren<\/span><\/a>\n<\/div><\/div>\n<div class=\"su-column su-column-size-1-3\"><div class=\"su-column-inner su-u-clearfix su-u-trim\">\n<h2><a title=\"Gasheizautomaten \u2013 W\u00e4rme im Handumdrehen\" href=\"https:\/\/weimarkamin.de\/heiztechnik\/gasautomaten\/\">Gasheizautomaten \u2013 W\u00e4rme im Handumdrehen<\/a><\/h2>\n\n<a href=\"https:\/\/weimarkamin.de\/heiztechnik\/gasautomaten\/\" class=\"su-button su-button-style-soft\" style=\"color:#FFFFFF;background-color:#961501;border-color:#781101;border-radius:5px\" target=\"_self\"><span style=\"color:#FFFFFF;padding:6px 18px;font-size:14px;line-height:21px;border-color:#b65c4e;border-radius:5px;text-shadow:none\"><i class=\"sui sui-arrow-right\" style=\"font-size:14px;color:#FFFFFF\"><\/i> Mehr erfahren<\/span><\/a>\n<\/div><\/div>\n\n<\/div>\n<\/div>\n<div class=\"su-spacer\" style=\"height:40px\"><\/div>\n<span class='schriftzug'><strong>ERFURTKAMIN<\/strong><\/span><br \/>\n...macht warm um's Herz.<\/div>\n\t\t<\/div><\/div><\/div><\/div>","protected":false},"excerpt":{"rendered":"<p>ERFURTKAMIN powered by WEIMARKAMINSehr geehrte Damen und Herren, liebe Feuerfreunde!Bekannterma\u00dfen sind unsere Ressoucen aus herk\u00f6mmlichen Energietr\u00e4gern wie \u00d6l oder Gas begrenzt. Deshalb geht der Technologie- Trend vern\u00fcnftigerweise in Richtung Energieversorgung aus Wind und Sonne sowie aus schneller nachwachsenden Rohstoffen.Deutschland nimmt dabei eine Vorreiterrolle ein und f\u00f6rdert alternative Heizsysteme mit staatlichen\u2026<\/p>\n<p> <a class=\"continue-reading-link\" href=\"https:\/\/weimarkamin.de\/erfurt\/heiztechnik\/\"><span>Continue reading<\/span><i class=\"crycon-right-dir\"><\/i><\/a> <\/p>\n","protected":false},"author":1,"featured_media":0,"parent":0,"menu_order":0,"comment_status":"closed","ping_status":"closed","template":"","meta":{"footnotes":""},"class_list":["post-115","page","type-page","status-publish","hentry"],"_links":{"self":[{"href":"https:\/\/weimarkamin.de\/erfurt\/wp-json\/wp\/v2\/pages\/115","targetHints":{"allow":["GET"]}}],"collection":[{"href":"https:\/\/weimarkamin.de\/erfurt\/wp-json\/wp\/v2\/pages"}],"about":[{"href":"https:\/\/weimarkamin.de\/erfurt\/wp-json\/wp\/v2\/types\/page"}],"author":[{"embeddable":true,"href":"https:\/\/weimarkamin.de\/erfurt\/wp-json\/wp\/v2\/users\/1"}],"replies":[{"embeddable":true,"href":"https:\/\/weimarkamin.de\/erfurt\/wp-json\/wp\/v2\/comments?post=115"}],"version-history":[{"count":4,"href":"https:\/\/weimarkamin.de\/erfurt\/wp-json\/wp\/v2\/pages\/115\/revisions"}],"predecessor-version":[{"id":3547,"href":"https:\/\/weimarkamin.de\/erfurt\/wp-json\/wp\/v2\/pages\/115\/revisions\/3547"}],"wp:attachment":[{"href":"https:\/\/weimarkamin.de\/erfurt\/wp-json\/wp\/v2\/media?parent=115"}],"curies":[{"name":"wp","href":"https:\/\/api.w.org\/{rel}","templated":true}]}}